{"id":1128,"date":"2020-01-11T20:13:37","date_gmt":"2020-01-11T19:13:37","guid":{"rendered":"http:\/\/localhost\/vl1\/?page_id=1128"},"modified":"2022-09-05T21:00:24","modified_gmt":"2022-09-05T19:00:24","slug":"ueber-mich","status":"publish","type":"page","link":"https:\/\/art-valentina.at\/ru\/ueber-mich\/","title":{"rendered":"\u041e\u0431\u043e \u043c\u043d\u0435"},"content":{"rendered":"<div data-elementor-type=\"wp-page\" data-elementor-id=\"1128\" class=\"elementor elementor-1128\">\n\t\t\t\t\t\t<section class=\"elementor-section elementor-top-section elementor-element elementor-element-f9b99ce elementor-section-stretched elementor-section-full_width elementor-section-height-min-height elementor-section-height-default elementor-section-items-middle\" data-id=\"f9b99ce\" data-element_type=\"section\" data-settings=\"{&quot;stretch_section&quot;:&quot;section-stretched&quot;,&quot;background_background&quot;:&quot;classic&quot;}\">\n\t\t\t\t\t\t<div class=\"elementor-container elementor-column-gap-default\">\n\t\t\t\t\t<div class=\"elementor-column elementor-col-100 elementor-top-column elementor-element elementor-element-f09f3a8\" data-id=\"f09f3a8\" data-element_type=\"column\">\n\t\t\t<div class=\"elementor-widget-wrap\">\n\t\t\t\t\t\t\t<\/div>\n\t\t<\/div>\n\t\t\t\t\t<\/div>\n\t\t<\/section>\n\t\t\t\t<section class=\"elementor-section elementor-top-section elementor-element elementor-element-5ebdc9c elementor-section-boxed elementor-section-height-default elementor-section-height-default\" data-id=\"5ebdc9c\" data-element_type=\"section\">\n\t\t\t\t\t\t<div class=\"elementor-container elementor-column-gap-default\">\n\t\t\t\t\t<div class=\"elementor-column elementor-col-100 elementor-top-column elementor-element elementor-element-3f412c0\" data-id=\"3f412c0\" data-element_type=\"column\">\n\t\t\t<div class=\"elementor-widget-wrap elementor-element-populated\">\n\t\t\t\t\t\t<div class=\"elementor-element elementor-element-60eaad0 elementor-widget elementor-widget-spacer\" data-id=\"60eaad0\" data-element_type=\"widget\" data-widget_type=\"spacer.default\">\n\t\t\t\t<div class=\"elementor-widget-container\">\n\t\t\t\t\t\t\t<div class=\"elementor-spacer\">\n\t\t\t<div class=\"elementor-spacer-inner\"><\/div>\n\t\t<\/div>\n\t\t\t\t\t\t<\/div>\n\t\t\t\t<\/div>\n\t\t\t\t<div class=\"elementor-element elementor-element-dc9583b elementor-widget elementor-widget-heading\" data-id=\"dc9583b\" data-element_type=\"widget\" data-widget_type=\"heading.default\">\n\t\t\t\t<div class=\"elementor-widget-container\">\n\t\t\t\t\t<h2 class=\"elementor-heading-title elementor-size-default\">\u041e\u0431\u043e \u043c\u043d\u0435<\/h2>\t\t\t\t<\/div>\n\t\t\t\t<\/div>\n\t\t\t\t\t<\/div>\n\t\t<\/div>\n\t\t\t\t\t<\/div>\n\t\t<\/section>\n\t\t\t\t<section class=\"elementor-section elementor-top-section elementor-element elementor-element-3cc0a936 elementor-section-content-middle elementor-section-boxed elementor-section-height-default elementor-section-height-default\" data-id=\"3cc0a936\" data-element_type=\"section\">\n\t\t\t\t\t\t<div class=\"elementor-container elementor-column-gap-default\">\n\t\t\t\t\t<div class=\"elementor-column elementor-col-50 elementor-top-column elementor-element elementor-element-3876dd9a\" data-id=\"3876dd9a\" data-element_type=\"column\">\n\t\t\t<div class=\"elementor-widget-wrap elementor-element-populated\">\n\t\t\t\t\t\t<div class=\"elementor-element elementor-element-6510b7a8 elementor-shape-circle e-grid-align-tablet-center e-grid-align-mobile-center elementor-grid-0 e-grid-align-center elementor-widget elementor-widget-social-icons\" data-id=\"6510b7a8\" data-element_type=\"widget\" data-widget_type=\"social-icons.default\">\n\t\t\t\t<div class=\"elementor-widget-container\">\n\t\t\t\t\t\t\t<div class=\"elementor-social-icons-wrapper elementor-grid\">\n\t\t\t\t\t\t\t<span class=\"elementor-grid-item\">\n\t\t\t\t\t<a class=\"elementor-icon elementor-social-icon elementor-social-icon-facebook-f elementor-animation-grow elementor-repeater-item-oj9fk8m\" href=\"https:\/\/www.facebook.com\/valentina.682012\" target=\"_blank\">\n\t\t\t\t\t\t<span class=\"elementor-screen-only\">Facebook-f<\/span>\n\t\t\t\t\t\t<i class=\"fab fa-facebook-f\"><\/i>\t\t\t\t\t<\/a>\n\t\t\t\t<\/span>\n\t\t\t\t\t\t\t<span class=\"elementor-grid-item\">\n\t\t\t\t\t<a class=\"elementor-icon elementor-social-icon elementor-social-icon-instagram elementor-animation-grow elementor-repeater-item-fa30554\" href=\"https:\/\/www.instagram.com\/neurographica_energy_art\/\" target=\"_blank\">\n\t\t\t\t\t\t<span class=\"elementor-screen-only\">Instagram<\/span>\n\t\t\t\t\t\t<i class=\"fab fa-instagram\"><\/i>\t\t\t\t\t<\/a>\n\t\t\t\t<\/span>\n\t\t\t\t\t<\/div>\n\t\t\t\t\t\t<\/div>\n\t\t\t\t<\/div>\n\t\t\t\t<div class=\"elementor-element elementor-element-55794140 elementor-widget elementor-widget-image\" data-id=\"55794140\" data-element_type=\"widget\" data-widget_type=\"image.default\">\n\t\t\t\t<div class=\"elementor-widget-container\">\n\t\t\t\t\t\t\t\t\t\t\t\t\t\t\t<img decoding=\"async\" src=\"https:\/\/art-valentina.at\/wp-content\/uploads\/\/elementor\/thumbs\/2019-09-04_Valentina-Leitner_003klein-pp3sx8on2fk488obmy4710fnosvepwfolwaqlsyups.jpg\" title=\"www.alex-violet.com\" alt=\"www.alex-violet.com\" loading=\"lazy\" \/>\t\t\t\t\t\t\t\t\t\t\t\t\t\t\t<\/div>\n\t\t\t\t<\/div>\n\t\t\t\t\t<\/div>\n\t\t<\/div>\n\t\t\t\t<div class=\"elementor-column elementor-col-50 elementor-top-column elementor-element elementor-element-65c93e70\" data-id=\"65c93e70\" data-element_type=\"column\">\n\t\t\t<div class=\"elementor-widget-wrap elementor-element-populated\">\n\t\t\t\t\t\t<div class=\"elementor-element elementor-element-40d6d4db elementor-widget elementor-widget-heading\" data-id=\"40d6d4db\" data-element_type=\"widget\" data-widget_type=\"heading.default\">\n\t\t\t\t<div class=\"elementor-widget-container\">\n\t\t\t\t\t<h3 class=\"elementor-heading-title elementor-size-default\">Valentina Leitner<\/h3>\t\t\t\t<\/div>\n\t\t\t\t<\/div>\n\t\t\t\t<div class=\"elementor-element elementor-element-26d130b5 elementor-widget elementor-widget-text-editor\" data-id=\"26d130b5\" data-element_type=\"widget\" data-widget_type=\"text-editor.default\">\n\t\t\t\t<div class=\"elementor-widget-container\">\n\t\t\t\t\t\t\t\t\t<p>geboren und aufgewachsen in Wei\u00dfrussland, bin durch eine gl\u00fcckliche F\u00fcgung des Schicksals nach \u00d6sterreich gekommen und lebe jetzt verheiratet in Imst \/ Tirol.<\/p><p>In meiner fr\u00fcheren Heimat arbeitete ich als Erzieherin (Studium der P\u00e4dagogik in Wei\u00dfrussland). In Tirol absolvierte ich 2016 an der UNI Innsbruck in Erziehungswissenschaft Bachelor of Arts.<\/p><p>Meine Kreativit\u00e4t, die ich schon sehr fr\u00fch bemerkt habe, hat mir in meinem Beruf sehr geholfen. Nach meinem Schlaganfall vor einigen Jahren begann ich als Therapie zu malen. Ich arbeite mit verschiedenen Techniken (Acryl, Pastell, Aquarell, Buntstifte und \u00d6l). Jede einzelne Technik begeistert mich immer wieder aufs Neue.<\/p><p>Ich habe mal ganz laut und lange \u00fcber die Frage nachgedacht was f\u00fcr mich Kreativit\u00e4t bedeutet und warum es so unglaublich wichtig in meinem Leben ist.<\/p><p>Durch Zufall entdeckte ich\u00a0 NeuroGraphik (der Gr\u00fcnder Prof. Pavel Piskarev), welcher aus meiner Heimat stammt. Ich absolvierte eine Ausbildung in <strong><a href=\"https:\/\/art-valentina.at\/ru\/neurographik\/\">Neuro \u0433\u0440\u0430\u0444\u0438\u0447\u0435\u0441\u043a\u0438\u0439<\/a>,<\/strong> um diese Techniken der Neurographik-Methoden in der Einzel-Teamarbeit und Gruppenarbeit anwenden und lehren zu d\u00fcrfen. Ich bin Neurographik-Spezialistin, Neurographik-Trainerin &amp; \u00c4sthetischer Coach.<\/p><p>Allein daf\u00fcr liebe ich die Neurographik, sie l\u00e4sst mich so bunt und ohne Worte denken\u2026<\/p><p>Verschiedene Eindr\u00fccke, welche mein Herz ber\u00fchren, photographiere ich und m\u00f6chte sie so bald wie m\u00f6glich auf Leinwand oder Papier festhalten. Gerne male ich auch ein Wunschmotiv nach Ihren Vorgaben \u2013 nehmen Sie bitte einfach Kontakt zu mir auf!<\/p><p>Die Malerei macht mir sehr viel Spa\u00df und Freude und meine Begeisterung m\u00f6chte ich gerne anderen Menschen n\u00e4her bringen.<\/p><p><strong>Ich bedanke mich bei meiner Familie und meinen Freunden<br \/><\/strong><strong>f\u00fcr die Unterst\u00fctzung auf meinem neuen Weg.<\/strong><\/p>\t\t\t\t\t\t\t\t<\/div>\n\t\t\t\t<\/div>\n\t\t\t\t<div class=\"elementor-element elementor-element-5b6667e5 elementor-align-center elementor-mobile-align-center elementor-widget elementor-widget-button\" data-id=\"5b6667e5\" data-element_type=\"widget\" data-widget_type=\"button.default\">\n\t\t\t\t<div class=\"elementor-widget-container\">\n\t\t\t\t\t\t\t\t\t<div class=\"elementor-button-wrapper\">\n\t\t\t\t\t<a class=\"elementor-button elementor-button-link elementor-size-md elementor-animation-grow\" href=\"https:\/\/art-valentina.at\/ru\/neurographik\/\">\n\t\t\t\t\t\t<span class=\"elementor-button-content-wrapper\">\n\t\t\t\t\t\t<span class=\"elementor-button-icon\">\n\t\t\t\t\t\t\t<\/span>\n\t\t\t\t\t\t\t\t\t<span class=\"elementor-button-text\">Mehr \u00fcber Neurographik erfahren<\/span>\n\t\t\t\t\t<\/span>\n\t\t\t\t\t<\/a>\n\t\t\t\t<\/div>\n\t\t\t\t\t\t\t\t<\/div>\n\t\t\t\t<\/div>\n\t\t\t\t<div class=\"elementor-element elementor-element-83124c8 elementor-widget elementor-widget-spacer\" data-id=\"83124c8\" data-element_type=\"widget\" data-widget_type=\"spacer.default\">\n\t\t\t\t<div class=\"elementor-widget-container\">\n\t\t\t\t\t\t\t<div class=\"elementor-spacer\">\n\t\t\t<div class=\"elementor-spacer-inner\"><\/div>\n\t\t<\/div>\n\t\t\t\t\t\t<\/div>\n\t\t\t\t<\/div>\n\t\t\t\t\t<\/div>\n\t\t<\/div>\n\t\t\t\t\t<\/div>\n\t\t<\/section>\n\t\t\t\t<section class=\"elementor-section elementor-top-section elementor-element elementor-element-28b75cc elementor-section-boxed elementor-section-height-default elementor-section-height-default\" data-id=\"28b75cc\" data-element_type=\"section\" data-settings=\"{&quot;background_background&quot;:&quot;classic&quot;}\">\n\t\t\t\t\t\t<div class=\"elementor-container elementor-column-gap-default\">\n\t\t\t\t\t<div class=\"elementor-column elementor-col-100 elementor-top-column elementor-element elementor-element-9079c0f\" data-id=\"9079c0f\" data-element_type=\"column\">\n\t\t\t<div class=\"elementor-widget-wrap elementor-element-populated\">\n\t\t\t\t\t\t<div class=\"elementor-element elementor-element-c6d3222 elementor-widget elementor-widget-shortcode\" data-id=\"c6d3222\" data-element_type=\"widget\" data-widget_type=\"shortcode.default\">\n\t\t\t\t<div class=\"elementor-widget-container\">\n\t\t\t\t\t\t\t<div class=\"elementor-shortcode\">[instagram-feed]<\/div>\n\t\t\t\t\t\t<\/div>\n\t\t\t\t<\/div>\n\t\t\t\t\t<\/div>\n\t\t<\/div>\n\t\t\t\t\t<\/div>\n\t\t<\/section>\n\t\t\t\t<section class=\"elementor-section elementor-top-section elementor-element elementor-element-9f87a1d elementor-section-stretched elementor-section-full_width elementor-section-content-middle elementor-section-height-default elementor-section-height-default\" data-id=\"9f87a1d\" data-element_type=\"section\" data-settings=\"{&quot;stretch_section&quot;:&quot;section-stretched&quot;}\">\n\t\t\t\t\t\t<div class=\"elementor-container elementor-column-gap-default\">\n\t\t\t\t\t<div class=\"elementor-column elementor-col-50 elementor-top-column elementor-element elementor-element-f7b4672\" data-id=\"f7b4672\" data-element_type=\"column\">\n\t\t\t<div class=\"elementor-widget-wrap elementor-element-populated\">\n\t\t\t\t\t\t<div class=\"elementor-element elementor-element-598dd70 elementor-widget elementor-widget-text-editor\" data-id=\"598dd70\" data-element_type=\"widget\" data-widget_type=\"text-editor.default\">\n\t\t\t\t<div class=\"elementor-widget-container\">\n\t\t\t\t\t\t\t\t\t<p style=\"text-align: center;\"><strong>\u00a9 Art Valentina<\/strong> | <a class=\"wsnextlink1\" href=\"https:\/\/art-valentina.at\/ru\/impressum\/\">\u0434\u0430\u043d\u043d\u044b\u0435<\/a> | <a class=\"wsnextlink1\" href=\"https:\/\/art-valentina.at\/ru\/datenschutz\/\">\u043a\u043e\u043d\u0444\u0438\u0434\u0435\u043d\u0446\u0438\u0430\u043b\u044c\u043d\u043e\u0441\u0442\u0438<\/a><\/p>\t\t\t\t\t\t\t\t<\/div>\n\t\t\t\t<\/div>\n\t\t\t\t\t<\/div>\n\t\t<\/div>\n\t\t\t\t<div class=\"elementor-column elementor-col-50 elementor-top-column elementor-element elementor-element-c4580f3\" data-id=\"c4580f3\" data-element_type=\"column\">\n\t\t\t<div class=\"elementor-widget-wrap elementor-element-populated\">\n\t\t\t\t\t\t<div class=\"elementor-element elementor-element-cea533e elementor-shape-rounded elementor-grid-0 e-grid-align-center elementor-widget elementor-widget-social-icons\" data-id=\"cea533e\" data-element_type=\"widget\" data-widget_type=\"social-icons.default\">\n\t\t\t\t<div class=\"elementor-widget-container\">\n\t\t\t\t\t\t\t<div class=\"elementor-social-icons-wrapper elementor-grid\">\n\t\t\t\t\t\t\t<span class=\"elementor-grid-item\">\n\t\t\t\t\t<a class=\"elementor-icon elementor-social-icon elementor-social-icon-facebook elementor-animation-grow elementor-repeater-item-1b38a61\" href=\"https:\/\/www.facebook.com\/valentina.682012\" target=\"_blank\">\n\t\t\t\t\t\t<span class=\"elementor-screen-only\">Facebook<\/span>\n\t\t\t\t\t\t<i class=\"fab fa-facebook\"><\/i>\t\t\t\t\t<\/a>\n\t\t\t\t<\/span>\n\t\t\t\t\t\t\t<span class=\"elementor-grid-item\">\n\t\t\t\t\t<a class=\"elementor-icon elementor-social-icon elementor-social-icon-instagram elementor-animation-grow elementor-repeater-item-a6ced0e\" href=\"https:\/\/www.instagram.com\/neurographica_energy_art\/\" target=\"_blank\">\n\t\t\t\t\t\t<span class=\"elementor-screen-only\">Instagram<\/span>\n\t\t\t\t\t\t<i class=\"fab fa-instagram\"><\/i>\t\t\t\t\t<\/a>\n\t\t\t\t<\/span>\n\t\t\t\t\t<\/div>\n\t\t\t\t\t\t<\/div>\n\t\t\t\t<\/div>\n\t\t\t\t\t<\/div>\n\t\t<\/div>\n\t\t\t\t\t<\/div>\n\t\t<\/section>\n\t\t\t\t<\/div>","protected":false},"excerpt":{"rendered":"<p>\u00dcber mich Facebook-f Instagram Valentina Leitner geboren und aufgewachsen in Wei\u00dfrussland, bin durch eine gl\u00fcckliche F\u00fcgung des Schicksals nach \u00d6sterreich gekommen und lebe jetzt verheiratet in Imst \/ Tirol. In meiner fr\u00fcheren Heimat arbeitete ich als Erzieherin (Studium der P\u00e4dagogik in Wei\u00dfrussland). In Tirol absolvierte ich 2016 an der UNI Innsbruck in Erziehungswissenschaft Bachelor of [&hellip;]<\/p>","protected":false},"author":1,"featured_media":0,"parent":0,"menu_order":0,"comment_status":"closed","ping_status":"closed","template":"elementor_header_footer","meta":{"footnotes":""},"class_list":["post-1128","page","type-page","status-publish","hentry","wpbf-post"],"yoast_head":"<!-- This site is optimized with the Yoast SEO plugin v24.9 - https:\/\/yoast.com\/wordpress\/plugins\/seo\/ -->\n<title>Art Valentina | Valentina Leitner - \u00dcber mich<\/title>\n<meta name=\"description\" content=\"Valentina Leitner, geboren und aufgewachsen in Wei\u00dfrussland. Lebt in Imst (Tirol). Malerei in Acryl, Pastell, Aquarell, Buntstifte, \u00d6l, Neurographik und NeuroArt\" \/>\n<meta name=\"robots\" content=\"index, follow, max-snippet:-1, max-image-preview:large, max-video-preview:-1\" \/>\n<link rel=\"canonical\" href=\"https:\/\/art-valentina.at\/ru\/ueber-mich\/\" \/>\n<meta property=\"og:locale\" content=\"ru_RU\" \/>\n<meta property=\"og:type\" content=\"article\" \/>\n<meta property=\"og:title\" content=\"Art Valentina | Valentina Leitner - \u00dcber mich\" \/>\n<meta property=\"og:description\" content=\"Valentina Leitner, geboren und aufgewachsen in Wei\u00dfrussland. Lebt in Imst (Tirol). Malerei in Acryl, Pastell, Aquarell, Buntstifte, \u00d6l, Neurographik und NeuroArt\" \/>\n<meta property=\"og:url\" content=\"https:\/\/art-valentina.at\/ru\/ueber-mich\/\" \/>\n<meta property=\"og:site_name\" content=\"Art Valentina\" \/>\n<meta property=\"article:modified_time\" content=\"2022-09-05T19:00:24+00:00\" \/>\n<meta property=\"og:image\" content=\"https:\/\/art-valentina.at\/wp-content\/uploads\/\/elementor\/thumbs\/2019-09-04_Valentina-Leitner_003klein-pp3sx8on2fk488obmy4710fnosvepwfolwaqlsyups.jpg\" \/>\n<meta name=\"twitter:card\" content=\"summary_large_image\" \/>\n<meta name=\"twitter:label1\" content=\"\u041f\u0440\u0438\u043c\u0435\u0440\u043d\u043e\u0435 \u0432\u0440\u0435\u043c\u044f \u0434\u043b\u044f \u0447\u0442\u0435\u043d\u0438\u044f\" \/>\n\t<meta name=\"twitter:data1\" content=\"2 \u043c\u0438\u043d\u0443\u0442\u044b\" \/>\n<script type=\"application\/ld+json\" class=\"yoast-schema-graph\">{\"@context\":\"https:\/\/schema.org\",\"@graph\":[{\"@type\":\"WebPage\",\"@id\":\"https:\/\/art-valentina.at\/ueber-mich\/\",\"url\":\"https:\/\/art-valentina.at\/ueber-mich\/\",\"name\":\"Art Valentina | Valentina Leitner - \u00dcber mich\",\"isPartOf\":{\"@id\":\"https:\/\/art-valentina.at\/#website\"},\"primaryImageOfPage\":{\"@id\":\"https:\/\/art-valentina.at\/ueber-mich\/#primaryimage\"},\"image\":{\"@id\":\"https:\/\/art-valentina.at\/ueber-mich\/#primaryimage\"},\"thumbnailUrl\":\"https:\/\/art-valentina.at\/wp-content\/uploads\/\/elementor\/thumbs\/2019-09-04_Valentina-Leitner_003klein-pp3sx8on2fk488obmy4710fnosvepwfolwaqlsyups.jpg\",\"datePublished\":\"2020-01-11T19:13:37+00:00\",\"dateModified\":\"2022-09-05T19:00:24+00:00\",\"description\":\"Valentina Leitner, geboren und aufgewachsen in Wei\u00dfrussland. Lebt in Imst (Tirol). Malerei in Acryl, Pastell, Aquarell, Buntstifte, \u00d6l, Neurographik und NeuroArt\",\"breadcrumb\":{\"@id\":\"https:\/\/art-valentina.at\/ueber-mich\/#breadcrumb\"},\"inLanguage\":\"ru-RU\",\"potentialAction\":[{\"@type\":\"ReadAction\",\"target\":[\"https:\/\/art-valentina.at\/ueber-mich\/\"]}]},{\"@type\":\"ImageObject\",\"inLanguage\":\"ru-RU\",\"@id\":\"https:\/\/art-valentina.at\/ueber-mich\/#primaryimage\",\"url\":\"https:\/\/art-valentina.at\/wp-content\/uploads\/\/elementor\/thumbs\/2019-09-04_Valentina-Leitner_003klein-pp3sx8on2fk488obmy4710fnosvepwfolwaqlsyups.jpg\",\"contentUrl\":\"https:\/\/art-valentina.at\/wp-content\/uploads\/\/elementor\/thumbs\/2019-09-04_Valentina-Leitner_003klein-pp3sx8on2fk488obmy4710fnosvepwfolwaqlsyups.jpg\"},{\"@type\":\"BreadcrumbList\",\"@id\":\"https:\/\/art-valentina.at\/ueber-mich\/#breadcrumb\",\"itemListElement\":[{\"@type\":\"ListItem\",\"position\":1,\"name\":\"Home\",\"item\":\"https:\/\/art-valentina.at\/\"},{\"@type\":\"ListItem\",\"position\":2,\"name\":\"\u00dcber mich\"}]},{\"@type\":\"WebSite\",\"@id\":\"https:\/\/art-valentina.at\/#website\",\"url\":\"https:\/\/art-valentina.at\/\",\"name\":\"Art Valentina\",\"description\":\"Art Valentina\",\"publisher\":{\"@id\":\"https:\/\/art-valentina.at\/#\/schema\/person\/3aa35a8bcc0a60b0a741086c9422a4a8\"},\"potentialAction\":[{\"@type\":\"SearchAction\",\"target\":{\"@type\":\"EntryPoint\",\"urlTemplate\":\"https:\/\/art-valentina.at\/?s={search_term_string}\"},\"query-input\":{\"@type\":\"PropertyValueSpecification\",\"valueRequired\":true,\"valueName\":\"search_term_string\"}}],\"inLanguage\":\"ru-RU\"},{\"@type\":[\"Person\",\"Organization\"],\"@id\":\"https:\/\/art-valentina.at\/#\/schema\/person\/3aa35a8bcc0a60b0a741086c9422a4a8\",\"name\":\"Valentina\",\"image\":{\"@type\":\"ImageObject\",\"inLanguage\":\"ru-RU\",\"@id\":\"https:\/\/art-valentina.at\/#\/schema\/person\/image\/\",\"url\":\"https:\/\/art-valentina.at\/wp-content\/uploads\/\/2018\/11\/logo_vl.png\",\"contentUrl\":\"https:\/\/art-valentina.at\/wp-content\/uploads\/\/2018\/11\/logo_vl.png\",\"width\":500,\"height\":500,\"caption\":\"Valentina\"},\"logo\":{\"@id\":\"https:\/\/art-valentina.at\/#\/schema\/person\/image\/\"}}]}<\/script>\n<!-- \/ Yoast SEO plugin. -->","yoast_head_json":{"title":"Art Valentina | Valentina Leitner - \u00dcber mich","description":"Valentina Leitner, geboren und aufgewachsen in Wei\u00dfrussland. Lebt in Imst (Tirol). Malerei in Acryl, Pastell, Aquarell, Buntstifte, \u00d6l, Neurographik und NeuroArt","robots":{"index":"index","follow":"follow","max-snippet":"max-snippet:-1","max-image-preview":"max-image-preview:large","max-video-preview":"max-video-preview:-1"},"canonical":"https:\/\/art-valentina.at\/ru\/ueber-mich\/","og_locale":"ru_RU","og_type":"article","og_title":"Art Valentina | Valentina Leitner - \u00dcber mich","og_description":"Valentina Leitner, geboren und aufgewachsen in Wei\u00dfrussland. Lebt in Imst (Tirol). Malerei in Acryl, Pastell, Aquarell, Buntstifte, \u00d6l, Neurographik und NeuroArt","og_url":"https:\/\/art-valentina.at\/ru\/ueber-mich\/","og_site_name":"Art Valentina","article_modified_time":"2022-09-05T19:00:24+00:00","og_image":[{"url":"https:\/\/art-valentina.at\/wp-content\/uploads\/\/elementor\/thumbs\/2019-09-04_Valentina-Leitner_003klein-pp3sx8on2fk488obmy4710fnosvepwfolwaqlsyups.jpg","type":"","width":"","height":""}],"twitter_card":"summary_large_image","twitter_misc":{"\u041f\u0440\u0438\u043c\u0435\u0440\u043d\u043e\u0435 \u0432\u0440\u0435\u043c\u044f \u0434\u043b\u044f \u0447\u0442\u0435\u043d\u0438\u044f":"2 \u043c\u0438\u043d\u0443\u0442\u044b"},"schema":{"@context":"https:\/\/schema.org","@graph":[{"@type":"WebPage","@id":"https:\/\/art-valentina.at\/ueber-mich\/","url":"https:\/\/art-valentina.at\/ueber-mich\/","name":"Art Valentina | Valentina Leitner - \u00dcber mich","isPartOf":{"@id":"https:\/\/art-valentina.at\/#website"},"primaryImageOfPage":{"@id":"https:\/\/art-valentina.at\/ueber-mich\/#primaryimage"},"image":{"@id":"https:\/\/art-valentina.at\/ueber-mich\/#primaryimage"},"thumbnailUrl":"https:\/\/art-valentina.at\/wp-content\/uploads\/\/elementor\/thumbs\/2019-09-04_Valentina-Leitner_003klein-pp3sx8on2fk488obmy4710fnosvepwfolwaqlsyups.jpg","datePublished":"2020-01-11T19:13:37+00:00","dateModified":"2022-09-05T19:00:24+00:00","description":"Valentina Leitner, geboren und aufgewachsen in Wei\u00dfrussland. Lebt in Imst (Tirol). Malerei in Acryl, Pastell, Aquarell, Buntstifte, \u00d6l, Neurographik und NeuroArt","breadcrumb":{"@id":"https:\/\/art-valentina.at\/ueber-mich\/#breadcrumb"},"inLanguage":"ru-RU","potentialAction":[{"@type":"ReadAction","target":["https:\/\/art-valentina.at\/ueber-mich\/"]}]},{"@type":"ImageObject","inLanguage":"ru-RU","@id":"https:\/\/art-valentina.at\/ueber-mich\/#primaryimage","url":"https:\/\/art-valentina.at\/wp-content\/uploads\/\/elementor\/thumbs\/2019-09-04_Valentina-Leitner_003klein-pp3sx8on2fk488obmy4710fnosvepwfolwaqlsyups.jpg","contentUrl":"https:\/\/art-valentina.at\/wp-content\/uploads\/\/elementor\/thumbs\/2019-09-04_Valentina-Leitner_003klein-pp3sx8on2fk488obmy4710fnosvepwfolwaqlsyups.jpg"},{"@type":"BreadcrumbList","@id":"https:\/\/art-valentina.at\/ueber-mich\/#breadcrumb","itemListElement":[{"@type":"ListItem","position":1,"name":"Home","item":"https:\/\/art-valentina.at\/"},{"@type":"ListItem","position":2,"name":"\u00dcber mich"}]},{"@type":"WebSite","@id":"https:\/\/art-valentina.at\/#website","url":"https:\/\/art-valentina.at\/","name":"Art Valentina","description":"Art Valentina","publisher":{"@id":"https:\/\/art-valentina.at\/#\/schema\/person\/3aa35a8bcc0a60b0a741086c9422a4a8"},"potentialAction":[{"@type":"SearchAction","target":{"@type":"EntryPoint","urlTemplate":"https:\/\/art-valentina.at\/?s={search_term_string}"},"query-input":{"@type":"PropertyValueSpecification","valueRequired":true,"valueName":"search_term_string"}}],"inLanguage":"ru-RU"},{"@type":["Person","Organization"],"@id":"https:\/\/art-valentina.at\/#\/schema\/person\/3aa35a8bcc0a60b0a741086c9422a4a8","name":"Valentina","image":{"@type":"ImageObject","inLanguage":"ru-RU","@id":"https:\/\/art-valentina.at\/#\/schema\/person\/image\/","url":"https:\/\/art-valentina.at\/wp-content\/uploads\/\/2018\/11\/logo_vl.png","contentUrl":"https:\/\/art-valentina.at\/wp-content\/uploads\/\/2018\/11\/logo_vl.png","width":500,"height":500,"caption":"Valentina"},"logo":{"@id":"https:\/\/art-valentina.at\/#\/schema\/person\/image\/"}}]}},"_links":{"self":[{"href":"https:\/\/art-valentina.at\/ru\/wp-json\/wp\/v2\/pages\/1128","targetHints":{"allow":["GET"]}}],"collection":[{"href":"https:\/\/art-valentina.at\/ru\/wp-json\/wp\/v2\/pages"}],"about":[{"href":"https:\/\/art-valentina.at\/ru\/wp-json\/wp\/v2\/types\/page"}],"author":[{"embeddable":true,"href":"https:\/\/art-valentina.at\/ru\/wp-json\/wp\/v2\/users\/1"}],"replies":[{"embeddable":true,"href":"https:\/\/art-valentina.at\/ru\/wp-json\/wp\/v2\/comments?post=1128"}],"version-history":[{"count":48,"href":"https:\/\/art-valentina.at\/ru\/wp-json\/wp\/v2\/pages\/1128\/revisions"}],"predecessor-version":[{"id":1655,"href":"https:\/\/art-valentina.at\/ru\/wp-json\/wp\/v2\/pages\/1128\/revisions\/1655"}],"wp:attachment":[{"href":"https:\/\/art-valentina.at\/ru\/wp-json\/wp\/v2\/media?parent=1128"}],"curies":[{"name":"wp","href":"https:\/\/api.w.org\/{rel}","templated":true}]}}